{"id":1287,"date":"2026-02-12T12:02:09","date_gmt":"2026-02-12T11:02:09","guid":{"rendered":"https:\/\/datalover.fr\/?page_id=1287"},"modified":"2026-02-12T12:41:20","modified_gmt":"2026-02-12T11:41:20","slug":"elementor-page-1287","status":"publish","type":"page","link":"https:\/\/datalover.fr\/index.php\/elementor-page-1287\/","title":{"rendered":"Analyse de marge groupe"},"content":{"rendered":"\t\t<div data-elementor-type=\"wp-page\" data-elementor-id=\"1287\" class=\"elementor elementor-1287\" data-elementor-post-type=\"page\">\n\t\t\t\t<div class=\"elementor-element elementor-element-dc5a74f e-flex e-con-boxed e-con e-parent\" data-id=\"dc5a74f\" data-element_type=\"container\" data-e-type=\"container\">\n\t\t\t\t\t<div class=\"e-con-inner\">\n\t\t<div class=\"elementor-element elementor-element-721a78a e-con-full e-flex e-con e-child\" data-id=\"721a78a\" data-element_type=\"container\" data-e-type=\"container\">\n\t\t\t\t<div class=\"elementor-element elementor-element-2093d15 elementor-widget elementor-widget-heading\" data-id=\"2093d15\" data-element_type=\"widget\" data-e-type=\"widget\" data-widget_type=\"heading.default\">\n\t\t\t\t<div class=\"elementor-widget-container\">\n\t\t\t\t\t<h2 class=\"elementor-heading-title elementor-size-default\">Contexte<\/h2>\t\t\t\t<\/div>\n\t\t\t\t<\/div>\n\t\t\t\t<div class=\"elementor-element elementor-element-e5d1656 elementor-widget elementor-widget-text-editor\" data-id=\"e5d1656\" data-element_type=\"widget\" data-e-type=\"widget\" data-widget_type=\"text-editor.default\">\n\t\t\t\t<div class=\"elementor-widget-container\">\n\t\t\t\t\t\t\t\t\t<p>Un groupe industriel (\u00e9quipementier pour camions) Europ\u00e9en doit produire des analyses de marge sur ses produits dans le cadre d\u2019un LBO. Il s\u2019agit de r\u00e9cup\u00e9rer, traiter et d\u2019assimiler des milliers de lignes depuis plusieurs syst\u00e8mes d\u2019information. Puis de rendre une synth\u00e8se sur les 3 ann\u00e9es analys\u00e9es pour le cabinet en charge de la due diligence de cette op\u00e9ration. Cette analyse de performance permettra d\u2019\u00e9valuer la sant\u00e9 \u00e9conomique du groupe en vue d\u2019une op\u00e9ration de refinancement.<\/p>\t\t\t\t\t\t\t\t<\/div>\n\t\t\t\t<\/div>\n\t\t\t\t<div class=\"elementor-element elementor-element-6bbebcb elementor-widget elementor-widget-image\" data-id=\"6bbebcb\" data-element_type=\"widget\" data-e-type=\"widget\" data-widget_type=\"image.default\">\n\t\t\t\t<div class=\"elementor-widget-container\">\n\t\t\t\t\t\t\t\t\t\t\t\t\t\t\t<img fetchpriority=\"high\" decoding=\"async\" width=\"750\" height=\"563\" src=\"https:\/\/datalover.fr\/wp-content\/uploads\/2026\/02\/analyse.jpg\" class=\"attachment-large size-large wp-image-1292\" alt=\"\" srcset=\"https:\/\/datalover.fr\/wp-content\/uploads\/2026\/02\/analyse.jpg 792w, https:\/\/datalover.fr\/wp-content\/uploads\/2026\/02\/analyse-300x225.jpg 300w, https:\/\/datalover.fr\/wp-content\/uploads\/2026\/02\/analyse-768x576.jpg 768w\" sizes=\"(max-width: 750px) 100vw, 750px\" style=\"width:100%;height:75%;max-width:792px\" \/>\t\t\t\t\t\t\t\t\t\t\t\t\t\t\t<\/div>\n\t\t\t\t<\/div>\n\t\t\t\t<div class=\"elementor-element elementor-element-399997b elementor-widget elementor-widget-spacer\" data-id=\"399997b\" data-element_type=\"widget\" data-e-type=\"widget\" data-widget_type=\"spacer.default\">\n\t\t\t\t<div class=\"elementor-widget-container\">\n\t\t\t\t\t\t\t<div class=\"elementor-spacer\">\n\t\t\t<div class=\"elementor-spacer-inner\"><\/div>\n\t\t<\/div>\n\t\t\t\t\t\t<\/div>\n\t\t\t\t<\/div>\n\t\t\t\t<div class=\"elementor-element elementor-element-5ed708c elementor-widget elementor-widget-heading\" data-id=\"5ed708c\" data-element_type=\"widget\" data-e-type=\"widget\" data-widget_type=\"heading.default\">\n\t\t\t\t<div class=\"elementor-widget-container\">\n\t\t\t\t\t<h2 class=\"elementor-heading-title elementor-size-default\">Enjeux<\/h2>\t\t\t\t<\/div>\n\t\t\t\t<\/div>\n\t\t\t\t<div class=\"elementor-element elementor-element-9275ffe elementor-widget elementor-widget-text-editor\" data-id=\"9275ffe\" data-element_type=\"widget\" data-e-type=\"widget\" data-widget_type=\"text-editor.default\">\n\t\t\t\t<div class=\"elementor-widget-container\">\n\t\t\t\t\t\t\t\t\t<p>Combiner des informations de <strong>diff\u00e9rents syst\u00e8mes<\/strong> pour associer un prix de vente moyen constat\u00e9 \u00e0 un co\u00fbt de production sur des flux d\u2019<strong>\u00e9changes intercompany<\/strong> avec <strong>prix de transfert<\/strong> \u00e0 \u00e9liminer.<\/p><p>Il a fallu <strong>mod\u00e9liser le flux<\/strong> de chaque article depuis sa production jusqu\u2019\u00e0 sa vente au client externe final.<\/p><p>Les analyses doivent se visualiser en <strong>ann\u00e9e<\/strong>, mais \u00e9galement en <strong>famille de produit<\/strong> et en <strong>zone g\u00e9ographique<\/strong> de vente.<\/p><p>Enfin, une <strong>r\u00e9conciliation<\/strong> doit \u00eatre faite entre le chiffre d\u2019affaires de cette analyse (sur des syst\u00e8mes d\u2019information ind\u00e9pendants) et le chiffre d\u2019affaires consolid\u00e9 du groupe (sur l\u2019outil de consolidation).<\/p><p>Le travail doit \u00eatre finalis\u00e9 en 2 mois maximum.<\/p>\t\t\t\t\t\t\t\t<\/div>\n\t\t\t\t<\/div>\n\t\t\t\t<div class=\"elementor-element elementor-element-340dfbf elementor-widget elementor-widget-spacer\" data-id=\"340dfbf\" data-element_type=\"widget\" data-e-type=\"widget\" data-widget_type=\"spacer.default\">\n\t\t\t\t<div class=\"elementor-widget-container\">\n\t\t\t\t\t\t\t<div class=\"elementor-spacer\">\n\t\t\t<div class=\"elementor-spacer-inner\"><\/div>\n\t\t<\/div>\n\t\t\t\t\t\t<\/div>\n\t\t\t\t<\/div>\n\t\t\t\t<div class=\"elementor-element elementor-element-0851db5 elementor-widget elementor-widget-heading\" data-id=\"0851db5\" data-element_type=\"widget\" data-e-type=\"widget\" data-widget_type=\"heading.default\">\n\t\t\t\t<div class=\"elementor-widget-container\">\n\t\t\t\t\t<h2 class=\"elementor-heading-title elementor-size-default\">Proc\u00e9d\u00e9 technique<\/h2>\t\t\t\t<\/div>\n\t\t\t\t<\/div>\n\t\t\t\t<div class=\"elementor-element elementor-element-808f437 elementor-widget elementor-widget-text-editor\" data-id=\"808f437\" data-element_type=\"widget\" data-e-type=\"widget\" data-widget_type=\"text-editor.default\">\n\t\t\t\t<div class=\"elementor-widget-container\">\n\t\t\t\t\t\t\t\t\t<ol style=\"direction: ltr; unicode-bidi: embed; margin-top: 0in; margin-bottom: 0in; font-family: Calibri; font-size: 11.0pt; font-weight: normal; font-style: normal;\" type=\"1\"><li lang=\"en-US\" style=\"margin-top: 0; margin-bottom: 0; vertical-align: middle;\" value=\"1\"><p>D\u00e9finir le p\u00e9rim\u00e8tre et les crit\u00e8res de l\u2019analyse du cabinet de due diligence, bien comprendre l\u2019attendu final en termes de format et granularit\u00e9<\/p><\/li><li lang=\"en-US\" style=\"margin-top: 0; margin-bottom: 0; vertical-align: middle;\"><p><span style=\"font-family: Calibri; font-size: 11.0pt;\">Extractions en <a href=\"https:\/\/datalover.fr\/index.php\/exploiter-fichiers-plats\/\">fichiers plats<\/a> des donn\u00e9es (ERP NAV, EPM Amelkis)\u00a0au format Excel pour les 28&rsquo;000 r\u00e9f\u00e9rences<\/span><\/p><\/li><li lang=\"en-US\" style=\"margin-top: 0; margin-bottom: 0; vertical-align: middle;\"><p><span style=\"font-family: Calibri; font-size: 11.0pt;\">Analyse exploratoire des champs pour identifier leur format, comprendre les termes et leurs relations, et \u00e9valuer la qualit\u00e9 des donn\u00e9es<\/span><\/p><\/li><li lang=\"en-US\" style=\"margin-top: 0; margin-bottom: 0; vertical-align: middle;\"><p>Choix de quelques r\u00e9f\u00e9rences pour comprendre le chemin de la production jusqu\u2019\u00e0 la commercialisation en vue d\u2019industrialiser l\u2019analyse sur la globalit\u00e9 des donn\u00e9es<\/p><\/li><li lang=\"en-US\" style=\"margin-top: 0; margin-bottom: 0; vertical-align: middle;\"><p>R\u00e9conciliation avec le CA consolid\u00e9 de l\u2019EPM Amelkis<\/p><\/li><li lang=\"en-US\" style=\"margin-top: 0; margin-bottom: 0; vertical-align: middle;\"><p>Synth\u00e8se sur Word pour rendre digeste la masse de donn\u00e9es<\/p><\/li><\/ol>\t\t\t\t\t\t\t\t<\/div>\n\t\t\t\t<\/div>\n\t\t\t\t<div class=\"elementor-element elementor-element-1a619f2 elementor-widget elementor-widget-spacer\" data-id=\"1a619f2\" data-element_type=\"widget\" data-e-type=\"widget\" data-widget_type=\"spacer.default\">\n\t\t\t\t<div class=\"elementor-widget-container\">\n\t\t\t\t\t\t\t<div class=\"elementor-spacer\">\n\t\t\t<div class=\"elementor-spacer-inner\"><\/div>\n\t\t<\/div>\n\t\t\t\t\t\t<\/div>\n\t\t\t\t<\/div>\n\t\t\t\t<div class=\"elementor-element elementor-element-049fd73 elementor-widget elementor-widget-heading\" data-id=\"049fd73\" data-element_type=\"widget\" data-e-type=\"widget\" data-widget_type=\"heading.default\">\n\t\t\t\t<div class=\"elementor-widget-container\">\n\t\t\t\t\t<h2 class=\"elementor-heading-title elementor-size-default\">R\u00e9sultat<\/h2>\t\t\t\t<\/div>\n\t\t\t\t<\/div>\n\t\t\t\t<div class=\"elementor-element elementor-element-82e3a13 elementor-widget elementor-widget-text-editor\" data-id=\"82e3a13\" data-element_type=\"widget\" data-e-type=\"widget\" data-widget_type=\"text-editor.default\">\n\t\t\t\t<div class=\"elementor-widget-container\">\n\t\t\t\t\t\t\t\t\t<p>Une vue \u00e9clair\u00e9e sur la marge groupe de chaque article sur les 3 ann\u00e9es explor\u00e9es, avec une granularit\u00e9 par client, zone g\u00e9ographique et famille de produit. L\u2019\u00e9quipe commerciale a pu identifier des incoh\u00e9rences et produits non rentables, et quelques bonnes surprises\u00a0!<\/p>\t\t\t\t\t\t\t\t<\/div>\n\t\t\t\t<\/div>\n\t\t\t\t<div class=\"elementor-element elementor-element-0331f9e elementor-widget elementor-widget-spacer\" data-id=\"0331f9e\" data-element_type=\"widget\" data-e-type=\"widget\" data-widget_type=\"spacer.default\">\n\t\t\t\t<div class=\"elementor-widget-container\">\n\t\t\t\t\t\t\t<div class=\"elementor-spacer\">\n\t\t\t<div class=\"elementor-spacer-inner\"><\/div>\n\t\t<\/div>\n\t\t\t\t\t\t<\/div>\n\t\t\t\t<\/div>\n\t\t\t\t<div class=\"elementor-element elementor-element-b8c0799 elementor-widget elementor-widget-heading\" data-id=\"b8c0799\" data-element_type=\"widget\" data-e-type=\"widget\" data-widget_type=\"heading.default\">\n\t\t\t\t<div class=\"elementor-widget-container\">\n\t\t\t\t\t<h2 class=\"elementor-heading-title elementor-size-default\">Mes difficult\u00e9s...<\/h2>\t\t\t\t<\/div>\n\t\t\t\t<\/div>\n\t\t\t\t<div class=\"elementor-element elementor-element-8d72e26 elementor-widget elementor-widget-text-editor\" data-id=\"8d72e26\" data-element_type=\"widget\" data-e-type=\"widget\" data-widget_type=\"text-editor.default\">\n\t\t\t\t<div class=\"elementor-widget-container\">\n\t\t\t\t\t\t\t\t\t<p>Cartographier le flux de donn\u00e9es internes, et mettre en place les nomenclatures dans un groupe o\u00f9 la data est encore junior.<\/p><p>H\u00e9riter du manque de structuration dans le param\u00e9trage historique des ERP sur chaque entit\u00e9, qui complique le traitement des donn\u00e9es.<\/p>\t\t\t\t\t\t\t\t<\/div>\n\t\t\t\t<\/div>\n\t\t\t\t<\/div>\n\t\t\t\t\t<\/div>\n\t\t\t\t<\/div>\n\t\t\t\t<\/div>\n\t\t","protected":false},"excerpt":{"rendered":"<p>Contexte Un groupe industriel (\u00e9quipementier pour camions) Europ\u00e9en doit produire des analyses de marge sur ses produits dans le cadre d\u2019un LBO. Il s\u2019agit de r\u00e9cup\u00e9rer, traiter et d\u2019assimiler des milliers de lignes depuis plusieurs syst\u00e8mes d\u2019information. Puis de rendre une synth\u00e8se sur les 3 ann\u00e9es analys\u00e9es pour le cabinet en charge de la due&hellip; <a class=\"more-link\" href=\"https:\/\/datalover.fr\/index.php\/elementor-page-1287\/\">Poursuivre la lecture <span class=\"screen-reader-text\">Analyse de marge groupe<\/span><\/a><\/p>\n","protected":false},"author":1,"featured_media":0,"parent":0,"menu_order":0,"comment_status":"closed","ping_status":"closed","template":"","meta":{"footnotes":""},"class_list":["post-1287","page","type-page","status-publish","hentry","entry"],"_links":{"self":[{"href":"https:\/\/datalover.fr\/index.php\/wp-json\/wp\/v2\/pages\/1287","targetHints":{"allow":["GET"]}}],"collection":[{"href":"https:\/\/datalover.fr\/index.php\/wp-json\/wp\/v2\/pages"}],"about":[{"href":"https:\/\/datalover.fr\/index.php\/wp-json\/wp\/v2\/types\/page"}],"author":[{"embeddable":true,"href":"https:\/\/datalover.fr\/index.php\/wp-json\/wp\/v2\/users\/1"}],"replies":[{"embeddable":true,"href":"https:\/\/datalover.fr\/index.php\/wp-json\/wp\/v2\/comments?post=1287"}],"version-history":[{"count":8,"href":"https:\/\/datalover.fr\/index.php\/wp-json\/wp\/v2\/pages\/1287\/revisions"}],"predecessor-version":[{"id":1318,"href":"https:\/\/datalover.fr\/index.php\/wp-json\/wp\/v2\/pages\/1287\/revisions\/1318"}],"wp:attachment":[{"href":"https:\/\/datalover.fr\/index.php\/wp-json\/wp\/v2\/media?parent=1287"}],"curies":[{"name":"wp","href":"https:\/\/api.w.org\/{rel}","templated":true}]}}