{"id":802,"date":"2023-11-27T12:52:31","date_gmt":"2023-11-27T11:52:31","guid":{"rendered":"https:\/\/datalover.fr\/?page_id=802"},"modified":"2023-12-17T12:31:10","modified_gmt":"2023-12-17T11:31:10","slug":"etapes-maturite-data","status":"publish","type":"page","link":"https:\/\/datalover.fr\/index.php\/etapes-maturite-data\/","title":{"rendered":"Vers une data dite \u00ab\u00a0mature\u00a0\u00bb"},"content":{"rendered":"\t\t<div data-elementor-type=\"wp-page\" data-elementor-id=\"802\" class=\"elementor elementor-802\" data-elementor-post-type=\"page\">\n\t\t\t\t<div class=\"elementor-element elementor-element-7caa98f e-flex e-con-boxed e-con e-parent\" data-id=\"7caa98f\" data-element_type=\"container\" data-e-type=\"container\">\n\t\t\t\t\t<div class=\"e-con-inner\">\n\t\t\t\t<div class=\"elementor-element elementor-element-454fba1 elementor-widget elementor-widget-heading\" data-id=\"454fba1\" data-element_type=\"widget\" data-e-type=\"widget\" data-widget_type=\"heading.default\">\n\t\t\t\t<div class=\"elementor-widget-container\">\n\t\t\t\t\t<h2 class=\"elementor-heading-title elementor-size-default\">Les \u00e9tapes de la maturit\u00e9 data<\/h2>\t\t\t\t<\/div>\n\t\t\t\t<\/div>\n\t\t\t\t<div class=\"elementor-element elementor-element-c84a333 elementor-widget elementor-widget-text-editor\" data-id=\"c84a333\" data-element_type=\"widget\" data-e-type=\"widget\" data-widget_type=\"text-editor.default\">\n\t\t\t\t<div class=\"elementor-widget-container\">\n\t\t\t\t\t\t\t\t\t<em><strong>Roadmap<\/strong> <\/em>ou <em>feuille de route <\/em>pour devenir une <span style=\"text-decoration: underline;\">entreprise data-driven<\/span>, avec une mise en place progressive et accompagn\u00e9e.\t\t\t\t\t\t\t\t<\/div>\n\t\t\t\t<\/div>\n\t\t\t\t<div class=\"elementor-element elementor-element-364daff elementor-widget elementor-widget-text-editor\" data-id=\"364daff\" data-element_type=\"widget\" data-e-type=\"widget\" data-widget_type=\"text-editor.default\">\n\t\t\t\t<div class=\"elementor-widget-container\">\n\t\t\t\t\t\t\t\t\t<p><strong>Pourquoi s&rsquo;en soucier ?<\/strong><\/p><p>\u00a0<\/p><p><em>Comment piloter une voiture sans compteur de vitesse, sans jauge d&rsquo;essence, et sans GPS ?<\/em><\/p><p>\u00a0<\/p><p>&#8211;&gt; Pour la gestion d&rsquo;une entreprise, c&rsquo;est <strong>pareil<\/strong>. La direction doit avoir acc\u00e8s \u00e0 de bonnes synth\u00e8ses, en temps voulu, compr\u00e9hensibles et fiables. Cela lui donne une vision objective pour prendre les <strong>meilleures d\u00e9cisions strat\u00e9giques<\/strong>.<\/p><p>Des donn\u00e9es erron\u00e9es, comme une panne moteur qui ne s&rsquo;affiche pas sur le tableau de bord d&rsquo;une voiture, et c&rsquo;est la sortie de route pour l&rsquo;entreprise.<\/p>\t\t\t\t\t\t\t\t<\/div>\n\t\t\t\t<\/div>\n\t\t\t\t<div class=\"elementor-element elementor-element-ce04a6a elementor-widget elementor-widget-spacer\" data-id=\"ce04a6a\" data-element_type=\"widget\" data-e-type=\"widget\" data-widget_type=\"spacer.default\">\n\t\t\t\t<div class=\"elementor-widget-container\">\n\t\t\t\t\t\t\t<div class=\"elementor-spacer\">\n\t\t\t<div class=\"elementor-spacer-inner\"><\/div>\n\t\t<\/div>\n\t\t\t\t\t\t<\/div>\n\t\t\t\t<\/div>\n\t\t\t\t<div class=\"elementor-element elementor-element-f5d31db elementor-widget elementor-widget-text-editor\" data-id=\"f5d31db\" data-element_type=\"widget\" data-e-type=\"widget\" data-widget_type=\"text-editor.default\">\n\t\t\t\t<div class=\"elementor-widget-container\">\n\t\t\t\t\t\t\t\t\t<p><strong>B\u00e9n\u00e9fices \u00e0 en tirer<\/strong> :<\/p><p>\u00a0<\/p><ul><li>prise de d\u00e9cision \u00e9clair\u00e9e<\/li><li>on optimise nos processus op\u00e9rationnels, ce qui entraine une am\u00e9lioration de la performance<\/li><li>on connait mieux nos clients, pour mieux vendre et fid\u00e9liser<\/li><li>une meilleure gestion du risque (r\u00e8glementations, gestion proactive des risques op\u00e9rationnels) et une meilleure souplesse pour anticiper et\/ou s&rsquo;adapter au changement\u00a0<\/li><\/ul>\t\t\t\t\t\t\t\t<\/div>\n\t\t\t\t<\/div>\n\t\t\t\t<div class=\"elementor-element elementor-element-c698859 elementor-widget elementor-widget-spacer\" data-id=\"c698859\" data-element_type=\"widget\" data-e-type=\"widget\" data-widget_type=\"spacer.default\">\n\t\t\t\t<div class=\"elementor-widget-container\">\n\t\t\t\t\t\t\t<div class=\"elementor-spacer\">\n\t\t\t<div class=\"elementor-spacer-inner\"><\/div>\n\t\t<\/div>\n\t\t\t\t\t\t<\/div>\n\t\t\t\t<\/div>\n\t\t\t\t\t<\/div>\n\t\t\t\t<\/div>\n\t\t<div class=\"elementor-element elementor-element-b92b4cd e-flex e-con-boxed e-con e-parent\" data-id=\"b92b4cd\" data-element_type=\"container\" data-e-type=\"container\">\n\t\t\t\t\t<div class=\"e-con-inner\">\n\t\t<div class=\"elementor-element elementor-element-3077ff0 e-con-full e-flex e-con e-child\" data-id=\"3077ff0\" data-element_type=\"container\" data-e-type=\"container\">\n\t\t\t\t<div class=\"elementor-element elementor-element-1695d21 elementor-widget elementor-widget-progress\" data-id=\"1695d21\" data-element_type=\"widget\" data-e-type=\"widget\" data-widget_type=\"progress.default\">\n\t\t\t\t<div class=\"elementor-widget-container\">\n\t\t\t\t\t\t\t\t<span class=\"elementor-title\" id=\"elementor-progress-bar-1695d21\">\n\t\t\t\t#1 D\u00e9couverte du probl\u00e8me\t\t\t<\/span>\n\t\t\n\t\t<div aria-labelledby=\"elementor-progress-bar-1695d21\" class=\"elementor-progress-wrapper progress-danger\" role=\"progressbar\" aria-valuemin=\"0\" aria-valuemax=\"100\" aria-valuenow=\"10\">\n\t\t\t<div class=\"elementor-progress-bar\" data-max=\"10\">\n\t\t\t\t<span class=\"elementor-progress-text\"><\/span>\n\t\t\t\t\t\t\t\t\t<span class=\"elementor-progress-percentage\">10%<\/span>\n\t\t\t\t\t\t\t<\/div>\n\t\t<\/div>\n\t\t\t\t\t\t<\/div>\n\t\t\t\t<\/div>\n\t\t\t\t<div class=\"elementor-element elementor-element-3b3f687 elementor-widget elementor-widget-progress\" data-id=\"3b3f687\" data-element_type=\"widget\" data-e-type=\"widget\" data-widget_type=\"progress.default\">\n\t\t\t\t<div class=\"elementor-widget-container\">\n\t\t\t\t\t\t\t\t<span class=\"elementor-title\" id=\"elementor-progress-bar-3b3f687\">\n\t\t\t\t#2 Mod\u00e9lisation\t\t\t<\/span>\n\t\t\n\t\t<div aria-labelledby=\"elementor-progress-bar-3b3f687\" class=\"elementor-progress-wrapper progress-warning\" role=\"progressbar\" aria-valuemin=\"0\" aria-valuemax=\"100\" aria-valuenow=\"25\">\n\t\t\t<div class=\"elementor-progress-bar\" data-max=\"25\">\n\t\t\t\t<span class=\"elementor-progress-text\"><\/span>\n\t\t\t\t\t\t\t\t\t<span class=\"elementor-progress-percentage\">25%<\/span>\n\t\t\t\t\t\t\t<\/div>\n\t\t<\/div>\n\t\t\t\t\t\t<\/div>\n\t\t\t\t<\/div>\n\t\t\t\t<div class=\"elementor-element elementor-element-6b6a18d elementor-widget elementor-widget-progress\" data-id=\"6b6a18d\" data-element_type=\"widget\" data-e-type=\"widget\" data-widget_type=\"progress.default\">\n\t\t\t\t<div class=\"elementor-widget-container\">\n\t\t\t\t\t\t\t\t<span class=\"elementor-title\" id=\"elementor-progress-bar-6b6a18d\">\n\t\t\t\t#3 \t\t\t<\/span>\n\t\t\n\t\t<div aria-labelledby=\"elementor-progress-bar-6b6a18d\" class=\"elementor-progress-wrapper progress-success\" role=\"progressbar\" aria-valuemin=\"0\" aria-valuemax=\"100\" aria-valuenow=\"50\">\n\t\t\t<div class=\"elementor-progress-bar\" data-max=\"50\">\n\t\t\t\t<span class=\"elementor-progress-text\"><\/span>\n\t\t\t\t\t\t\t\t\t<span class=\"elementor-progress-percentage\">50%<\/span>\n\t\t\t\t\t\t\t<\/div>\n\t\t<\/div>\n\t\t\t\t\t\t<\/div>\n\t\t\t\t<\/div>\n\t\t\t\t<div class=\"elementor-element elementor-element-8bb6adc elementor-widget elementor-widget-progress\" data-id=\"8bb6adc\" data-element_type=\"widget\" data-e-type=\"widget\" data-widget_type=\"progress.default\">\n\t\t\t\t<div class=\"elementor-widget-container\">\n\t\t\t\t\t\t\t\t<span class=\"elementor-title\" id=\"elementor-progress-bar-8bb6adc\">\n\t\t\t\tMod\u00e9lisation\t\t\t<\/span>\n\t\t\n\t\t<div aria-labelledby=\"elementor-progress-bar-8bb6adc\" class=\"elementor-progress-wrapper progress-warning\" role=\"progressbar\" aria-valuemin=\"0\" aria-valuemax=\"100\" aria-valuenow=\"25\" aria-valuetext=\"25% (#2)\">\n\t\t\t<div class=\"elementor-progress-bar\" data-max=\"25\">\n\t\t\t\t<span class=\"elementor-progress-text\">#2<\/span>\n\t\t\t\t\t\t\t\t\t<span class=\"elementor-progress-percentage\">25%<\/span>\n\t\t\t\t\t\t\t<\/div>\n\t\t<\/div>\n\t\t\t\t\t\t<\/div>\n\t\t\t\t<\/div>\n\t\t\t\t<\/div>\n\t\t<div class=\"elementor-element elementor-element-24f99f5 e-con-full e-flex e-con e-child\" data-id=\"24f99f5\" data-element_type=\"container\" data-e-type=\"container\">\n\t\t\t\t<div class=\"elementor-element elementor-element-d53e9db elementor-widget elementor-widget-text-editor\" data-id=\"d53e9db\" data-element_type=\"widget\" data-e-type=\"widget\" data-widget_type=\"text-editor.default\">\n\t\t\t\t<div class=\"elementor-widget-container\">\n\t\t\t\t\t\t\t\t\t<p>On ne sait pas comment acc\u00e9der aux donn\u00e9es, elles sont de mauvaise qualit\u00e9 ou fausses. Le pilotage est \u00ab\u00a0\u00e0 l&rsquo;aveugle\u00a0\u00bb!<\/p>\t\t\t\t\t\t\t\t<\/div>\n\t\t\t\t<\/div>\n\t\t\t\t<div class=\"elementor-element elementor-element-f709c22 elementor-widget elementor-widget-text-editor\" data-id=\"f709c22\" data-element_type=\"widget\" data-e-type=\"widget\" data-widget_type=\"text-editor.default\">\n\t\t\t\t<div class=\"elementor-widget-container\">\n\t\t\t\t\t\t\t\t\t<p>Lorem ipsum dolor sit amet, consectetur adipiscing elit. Ut elit tellus, luctus nec ullamcorper mattis, pulvinar dapibus leo.<\/p>\t\t\t\t\t\t\t\t<\/div>\n\t\t\t\t<\/div>\n\t\t\t\t<\/div>\n\t\t\t\t\t<\/div>\n\t\t\t\t<\/div>\n\t\t\t\t<\/div>\n\t\t","protected":false},"excerpt":{"rendered":"<p>Les \u00e9tapes de la maturit\u00e9 data Roadmap ou feuille de route pour devenir une entreprise data-driven, avec une mise en place progressive et accompagn\u00e9e. Pourquoi s&rsquo;en soucier ? \u00a0 Comment piloter une voiture sans compteur de vitesse, sans jauge d&rsquo;essence, et sans GPS ? \u00a0 &#8211;&gt; Pour la gestion d&rsquo;une entreprise, c&rsquo;est pareil. La direction&hellip; <a class=\"more-link\" href=\"https:\/\/datalover.fr\/index.php\/etapes-maturite-data\/\">Poursuivre la lecture <span class=\"screen-reader-text\">Vers une data dite \u00ab\u00a0mature\u00a0\u00bb<\/span><\/a><\/p>\n","protected":false},"author":1,"featured_media":0,"parent":0,"menu_order":0,"comment_status":"closed","ping_status":"closed","template":"","meta":{"footnotes":""},"class_list":["post-802","page","type-page","status-publish","hentry","entry"],"_links":{"self":[{"href":"https:\/\/datalover.fr\/index.php\/wp-json\/wp\/v2\/pages\/802","targetHints":{"allow":["GET"]}}],"collection":[{"href":"https:\/\/datalover.fr\/index.php\/wp-json\/wp\/v2\/pages"}],"about":[{"href":"https:\/\/datalover.fr\/index.php\/wp-json\/wp\/v2\/types\/page"}],"author":[{"embeddable":true,"href":"https:\/\/datalover.fr\/index.php\/wp-json\/wp\/v2\/users\/1"}],"replies":[{"embeddable":true,"href":"https:\/\/datalover.fr\/index.php\/wp-json\/wp\/v2\/comments?post=802"}],"version-history":[{"count":30,"href":"https:\/\/datalover.fr\/index.php\/wp-json\/wp\/v2\/pages\/802\/revisions"}],"predecessor-version":[{"id":1021,"href":"https:\/\/datalover.fr\/index.php\/wp-json\/wp\/v2\/pages\/802\/revisions\/1021"}],"wp:attachment":[{"href":"https:\/\/datalover.fr\/index.php\/wp-json\/wp\/v2\/media?parent=802"}],"curies":[{"name":"wp","href":"https:\/\/api.w.org\/{rel}","templated":true}]}}